{"id":4874,"date":"2024-01-31T06:23:55","date_gmt":"2024-01-31T06:23:55","guid":{"rendered":"https:\/\/recomsid.ro\/recom\/?page_id=4874"},"modified":"2025-07-15T09:20:41","modified_gmt":"2025-07-15T09:20:41","slug":"noutati","status":"publish","type":"page","link":"https:\/\/recomsid.ro\/recom\/noutati\/","title":{"rendered":"Nout\u0103\u021bi"},"content":{"rendered":"\t\t<div data-elementor-type=\"wp-page\" data-elementor-id=\"4874\" class=\"elementor elementor-4874\">\n\t\t\t\t\t\t<section class=\"elementor-section elementor-top-section elementor-element elementor-element-4c71fe2 elementor-section-boxed elementor-section-height-default elementor-section-height-default\" data-id=\"4c71fe2\" data-element_type=\"section\">\n\t\t\t\t\t\t<div class=\"elementor-container elementor-column-gap-default\">\n\t\t\t\t\t<div class=\"elementor-column elementor-col-100 elementor-top-column elementor-element elementor-element-f347aef\" data-id=\"f347aef\" data-element_type=\"column\">\n\t\t\t<div class=\"elementor-widget-wrap elementor-element-populated\">\n\t\t\t\t\t\t<div class=\"elementor-element elementor-element-0963b96 elementor-widget elementor-widget-accordion\" data-id=\"0963b96\" data-element_type=\"widget\" data-widget_type=\"accordion.default\">\n\t\t\t\t<div class=\"elementor-widget-container\">\n\t\t\t<style>\/*! elementor - v3.19.0 - 29-01-2024 *\/\n.elementor-accordion{text-align:left}.elementor-accordion .elementor-accordion-item{border:1px solid #d5d8dc}.elementor-accordion .elementor-accordion-item+.elementor-accordion-item{border-top:none}.elementor-accordion .elementor-tab-title{margin:0;padding:15px 20px;font-weight:700;line-height:1;cursor:pointer;outline:none}.elementor-accordion .elementor-tab-title .elementor-accordion-icon{display:inline-block;width:1.5em}.elementor-accordion .elementor-tab-title .elementor-accordion-icon svg{width:1em;height:1em}.elementor-accordion .elementor-tab-title .elementor-accordion-icon.elementor-accordion-icon-right{float:right;text-align:right}.elementor-accordion .elementor-tab-title .elementor-accordion-icon.elementor-accordion-icon-left{float:left;text-align:left}.elementor-accordion .elementor-tab-title .elementor-accordion-icon .elementor-accordion-icon-closed{display:block}.elementor-accordion .elementor-tab-title .elementor-accordion-icon .elementor-accordion-icon-opened,.elementor-accordion .elementor-tab-title.elementor-active .elementor-accordion-icon-closed{display:none}.elementor-accordion .elementor-tab-title.elementor-active .elementor-accordion-icon-opened{display:block}.elementor-accordion .elementor-tab-content{display:none;padding:15px 20px;border-top:1px solid #d5d8dc}@media (max-width:767px){.elementor-accordion .elementor-tab-title{padding:12px 15px}.elementor-accordion .elementor-tab-title .elementor-accordion-icon{width:1.2em}.elementor-accordion .elementor-tab-content{padding:7px 15px}}.e-con-inner>.elementor-widget-accordion,.e-con>.elementor-widget-accordion{width:var(--container-widget-width);--flex-grow:var(--container-widget-flex-grow)}<\/style>\t\t<div class=\"elementor-accordion\">\n\t\t\t\t\t\t\t<div class=\"elementor-accordion-item\">\n\t\t\t\t\t<div id=\"elementor-tab-title-9841\" class=\"elementor-tab-title\" data-tab=\"1\" role=\"button\" aria-controls=\"elementor-tab-content-9841\" aria-expanded=\"false\">\n\t\t\t\t\t\t\t\t\t\t\t\t\t<span class=\"elementor-accordion-icon elementor-accordion-icon-left\" aria-hidden=\"true\">\n\t\t\t\t\t\t\t\t\t\t\t\t\t\t\t<span class=\"elementor-accordion-icon-closed\"><i class=\"fas fa-plus\"><\/i><\/span>\n\t\t\t\t\t\t\t\t<span class=\"elementor-accordion-icon-opened\"><i class=\"fas fa-minus\"><\/i><\/span>\n\t\t\t\t\t\t\t\t\t\t\t\t\t\t<\/span>\n\t\t\t\t\t\t\t\t\t\t\t\t<a class=\"elementor-accordion-title\" tabindex=\"0\">Comunicat de pres\u0103 demarare proiect \u201ePNRR:Fonduri pentru Rom\u00e2nia modern\u0103 \u0219i reformat\u0103\u201d<\/a>\n\t\t\t\t\t<\/div>\n\t\t\t\t\t<div id=\"elementor-tab-content-9841\" class=\"elementor-tab-content elementor-clearfix\" data-tab=\"1\" role=\"region\" aria-labelledby=\"elementor-tab-title-9841\"><p><img decoding=\"async\" class=\"alignnone size-full wp-image-4890\" src=\"https:\/\/recomsid.ro\/recom\/wp-content\/uploads\/2024\/01\/antet-PNRR.png\" alt=\"\" width=\"644\" height=\"58\" srcset=\"https:\/\/recomsid.ro\/recom\/wp-content\/uploads\/2024\/01\/antet-PNRR.png 644w, https:\/\/recomsid.ro\/recom\/wp-content\/uploads\/2024\/01\/antet-PNRR-300x27.png 300w\" sizes=\"(max-width: 644px) 100vw, 644px\" \/><\/p><p><strong>Proiect sus\u021binut Planu<\/strong><strong style=\"background-color: var(--background);\">lui Na\u021bional de Redresare \u0219i Rezilien\u021b\u0103 \u2013 Pilonul I. Tranzi\u021bia verde \u2013 Componenta C6. Energie, M\u0103sura de investi\u021bii &#8211; Investi\u021bia I.1 \u2013 Noi capacit\u0103\u021bi de produc\u021bie de energie electric\u0103 din surse regenerabile<\/strong><\/p><p><strong>Beneficiar:\u00a0<em>RECOM SID SA, jude\u021bul Hunedoara<\/em><\/strong><\/p><p><img decoding=\"async\" class=\"alignnone wp-image-4892\" src=\"https:\/\/recomsid.ro\/recom\/wp-content\/uploads\/2024\/01\/Sigla-Recom-Sid.jpeg\" alt=\"\" width=\"269\" height=\"92\" srcset=\"https:\/\/recomsid.ro\/recom\/wp-content\/uploads\/2024\/01\/Sigla-Recom-Sid.jpeg 1600w, https:\/\/recomsid.ro\/recom\/wp-content\/uploads\/2024\/01\/Sigla-Recom-Sid-300x102.jpeg 300w, https:\/\/recomsid.ro\/recom\/wp-content\/uploads\/2024\/01\/Sigla-Recom-Sid-1024x349.jpeg 1024w, https:\/\/recomsid.ro\/recom\/wp-content\/uploads\/2024\/01\/Sigla-Recom-Sid-768x262.jpeg 768w, https:\/\/recomsid.ro\/recom\/wp-content\/uploads\/2024\/01\/Sigla-Recom-Sid-1536x524.jpeg 1536w, https:\/\/recomsid.ro\/recom\/wp-content\/uploads\/2024\/01\/Sigla-Recom-Sid-800x273.jpeg 800w\" sizes=\"(max-width: 269px) 100vw, 269px\" \/><\/p><p><strong>\u00a0\u201cDEZVOLTAREA CAPACIT\u0102\u021aII DE PRODUC\u021aIE ELECTRIC\u0102 DIN RESURSE REGENERABILE DE ENERGIE SOLAR\u0102 A RECOM SID SA, HUNEDOARA&#8221;<\/strong><\/p><p><strong>RECOM SID S.A. anun\u0163\u0103 \u00eenceperea activit\u0103\u0163ilor proiectului \u201cDEZVOLTAREA CAPACIT\u0102\u021aII DE PRODUC\u021aIE ELECTRIC\u0102 DIN RESURSE REGENERABILE DE ENERGIE SOLAR\u0102 A RECOM SID SA, HUNEDOARA\u201d, <\/strong>proiect cofinan\u021bat \u00een cadrul Planului Na\u021bional de Redresare \u0219i Rezilien\u021b\u0103 \u2013 Pilonul I. Tranzi\u021bia verde \u2013 Componenta C6. Energie, M\u0103sura de investi\u021bii &#8211; Investi\u021bia I.1 \u2013 Noi capacit\u0103\u021bi de produc\u021bie de energie electric\u0103 din surse regenerabile.<\/p><p><strong>Cod proiect: <\/strong>PNRR2022\/C6\/M ENERGIE\/I1: Proiectul nr. 705 din mai 2022, Contract de finantare: Nr. 241\/31.12.2023<\/p><p><strong>Obiectivul general al proiectului<\/strong> are ca direc\u021bie principal\u0103 valorificarea poten\u0163ialului energetic solar pentru producerea energiei regenerabile, prin implementarea unei capacit\u0103\u0163i de producere a energiei electrice folosind panouri fotovoltaice cu o capacitate instalata de 0.54 MW. Astfel fiecare MWh produs prin surs\u0103 fotovoltaic\u0103 permite evitarea r\u0103sp\u00e2ndirii \u00een atmosfer\u0103 a 0,6177 tone CO2 (gaz responsabil pentru efectul de ser\u0103), rezultate din producerea unui MWh prin metoda tradi\u021bional\u0103 termoelectric\u0103.<\/p><p><strong>Obiective specifice ale proiectului:<\/strong><\/p><ul><li>Dezvoltarea unei centrale electrice fotovoltaice cu o putere instalat\u0103 de cca. 0,54 MW, cu ajutorul c\u0103reia s\u0103 se asigure par\u021bial necesarul de consum electroenergetic al companiei;<\/li><li>Reducerea dependen\u021bei de resurse de energie primar\u0103 importate, fosile, \u0219i diversificarea surselor de energie la nivel na\u021bional \u0219i regional;<\/li><li>Cre\u015fterea produc\u0163iei de energie electric\u0103 din surse regenerabile \u0219i generarea de beneficii de mediu prin reducerea corespunz\u0103toare a polu\u0103rii \u2013 reducerea emisiilor cu efecte de ser\u0103 \u0219i astfel combaterea schimb\u0103rilor climatice;<\/li><li>Cre\u015fterea ponderii energiei regenerabile \u00een totalul consumului de energie primar\u0103, ca rezultat al investi\u0163iilor de cre\u015ftere a puterii instalate de producere a energiei electrice din surse regenerabile de energie solar\u0103.<\/li><\/ul><p>Valoarea total\u0103 a proiectului este de 2.787.025,41 lei cu TVA, din care 2.343.715,48 f\u0103r\u0103 TVA.<\/p><p>Valoarea total\u0103 eligibil\u0103 este de 2.014.997,76 lei f\u0103r\u0103 TVA din care valoarea maxim\u0103 eligibil\u0103 nerambursabil\u0103 (valoare ajutor de stat solicitat) este de 1.410.498,44 lei f\u0103r\u0103 TVA.<\/p><p>Proiectul se implementeaz\u0103\u00a0\u00een jude\u021bul Hunedoara, la sediul societ\u0103\u021bii din Pia\u021ba Iancu de Hunedoara, nr. 1, loc. Hunedoara.<\/p><p>Data \u00eenceperii proiectului este 01.01.2024 \u0219i se va finaliza p\u00e2n\u0103 \u00een data de 30.12.2024.<\/p><p>Pentru mai multe informa\u021bii, v\u0103 rug\u0103m s\u0103 ne contacta\u021bi.<\/p><p>Project manager: Irina H\u0103r\u0103u<\/p><p>Telefon: +4025.420.7022<\/p><p>E-mail: <a href=\"mailto:harau.irina@recomsid.ro\">harau.irina@recomsid.ro<\/a><\/p><p>\u201eCon\u021binutul acestui material nu reprezint\u0103 \u00een mod obligatoriu pozi\u021bia oficial\u0103 a Uniunii Europene sau a Guvernului Rom\u00e2niei.\u201d<\/p><p><strong>\u201ePNRR. Finan\u021bat de Uniunea European\u0103 \u2013 Urm\u0103toareaGenera\u021bieUE\u201d<\/strong><\/p><p>Adresa web program PNRR:\u00a0<a href=\"https:\/\/mfe.gov.ro\/pnrr\/\">https:\/\/mfe.gov.ro\/pnrr\/<\/a><\/p><p>Pagina facebook PNRR:\u00a0<a href=\"https:\/\/www.facebook.com\/PNRROficial\/\">https:\/\/www.facebook.com\/PNRROficial\/<\/a><\/p><\/div>\n\t\t\t\t<\/div>\n\t\t\t\t\t\t\t<div class=\"elementor-accordion-item\">\n\t\t\t\t\t<div id=\"elementor-tab-title-9842\" class=\"elementor-tab-title\" data-tab=\"2\" role=\"button\" aria-controls=\"elementor-tab-content-9842\" aria-expanded=\"false\">\n\t\t\t\t\t\t\t\t\t\t\t\t\t<span class=\"elementor-accordion-icon elementor-accordion-icon-left\" aria-hidden=\"true\">\n\t\t\t\t\t\t\t\t\t\t\t\t\t\t\t<span class=\"elementor-accordion-icon-closed\"><i class=\"fas fa-plus\"><\/i><\/span>\n\t\t\t\t\t\t\t\t<span class=\"elementor-accordion-icon-opened\"><i class=\"fas fa-minus\"><\/i><\/span>\n\t\t\t\t\t\t\t\t\t\t\t\t\t\t<\/span>\n\t\t\t\t\t\t\t\t\t\t\t\t<a class=\"elementor-accordion-title\" tabindex=\"0\">ANUN\u021a DE PUBLICITATE - ACHIZI\u021aIE DIRECT\u0102<\/a>\n\t\t\t\t\t<\/div>\n\t\t\t\t\t<div id=\"elementor-tab-content-9842\" class=\"elementor-tab-content elementor-clearfix\" data-tab=\"2\" role=\"region\" aria-labelledby=\"elementor-tab-title-9842\"><p><img decoding=\"async\" class=\"alignnone size-full wp-image-4890\" src=\"https:\/\/recomsid.ro\/recom\/wp-content\/uploads\/2024\/01\/antet-PNRR.png\" alt=\"\" width=\"644\" height=\"58\" srcset=\"https:\/\/recomsid.ro\/recom\/wp-content\/uploads\/2024\/01\/antet-PNRR.png 644w, https:\/\/recomsid.ro\/recom\/wp-content\/uploads\/2024\/01\/antet-PNRR-300x27.png 300w\" sizes=\"(max-width: 644px) 100vw, 644px\" \/><\/p><p><strong>Proiect sus\u021binut Planu<\/strong><strong style=\"background-color: var(--background);\">lui Na\u021bional de Redresare \u0219i Rezilien\u021b\u0103 \u2013 Pilonul I. Tranzi\u021bia verde \u2013 Componenta C6. Energie, M\u0103sura de investi\u021bii &#8211; Investi\u021bia I.1 \u2013 Noi capacit\u0103\u021bi de produc\u021bie de energie electric\u0103 din surse regenerabile<\/strong><\/p><p><strong>Beneficiar:\u00a0<em>RECOM SID SA, jude\u021bul Hunedoara<\/em><\/strong><\/p><p><img decoding=\"async\" class=\"alignnone wp-image-4892\" src=\"https:\/\/recomsid.ro\/recom\/wp-content\/uploads\/2024\/01\/Sigla-Recom-Sid.jpeg\" alt=\"\" width=\"269\" height=\"92\" srcset=\"https:\/\/recomsid.ro\/recom\/wp-content\/uploads\/2024\/01\/Sigla-Recom-Sid.jpeg 1600w, https:\/\/recomsid.ro\/recom\/wp-content\/uploads\/2024\/01\/Sigla-Recom-Sid-300x102.jpeg 300w, https:\/\/recomsid.ro\/recom\/wp-content\/uploads\/2024\/01\/Sigla-Recom-Sid-1024x349.jpeg 1024w, https:\/\/recomsid.ro\/recom\/wp-content\/uploads\/2024\/01\/Sigla-Recom-Sid-768x262.jpeg 768w, https:\/\/recomsid.ro\/recom\/wp-content\/uploads\/2024\/01\/Sigla-Recom-Sid-1536x524.jpeg 1536w, https:\/\/recomsid.ro\/recom\/wp-content\/uploads\/2024\/01\/Sigla-Recom-Sid-800x273.jpeg 800w\" sizes=\"(max-width: 269px) 100vw, 269px\" \/><\/p><p><strong>\u00a0\u201cDEZVOLTAREA CAPACIT\u0102\u021aII DE PRODUC\u021aIE ELECTRIC\u0102 DIN RESURSE REGENERABILE DE ENERGIE SOLAR\u0102 A RECOM SID SA, HUNEDOARA&#8221;<\/strong><\/p><p style=\"text-align: center;\"><strong>ANUN\u021a DE PUBLICITATE &#8211; ACHIZI\u021aIE DIRECT\u0102<\/strong><br \/>DATA 15.04.2024<\/p><p style=\"text-align: center;\"><br \/>av\u00e2nd ca scop atribuirea contractului de servicii <strong>Dirigen\u0163ie de \u015fantier<\/strong><br \/>PENTRU PROIECTUL CU TITLUL: <strong>\u201eDEZVOLTAREA CAPACIT\u0102\u021aII DE PRODUC\u021aIE ELECTRIC\u0102 DIN RESURSE REGENERABILE DE ENERGIE SOLAR\u0102 A RECOM SID SA, HUNEDOARA\u201d<\/strong><br \/><strong>PROCEDURA: ACHIZI\u021aIE DIRECT\u0102<\/strong><\/p><p style=\"text-align: left;\"><br \/>ATRIBUIREA CONTRACTULUI SE FACE OFERTANTULUI CU \u201ePRE\u021aUL CEL MAI SC\u0102ZUT\u201d<br \/>Inten\u021bion\u0103m semnarea contractului de prestare servicii pentru urm\u0103toarele cheltuieli:<br \/>\u00a0 \u00a0 \u00a0 \u00a0 \u00a0 \u00a0 \u00a0 \u00a0 \u00a0 \u00a0 <strong>\u2022 cap 3.8.2. Dirigen\u0163ie de \u015fantier &#8211; 17,000 lei + TVA<\/strong><\/p><p>Proiectul se implementeaz\u0103\u00a0\u00een jude\u021bul Hunedoara, la sediul societ\u0103\u021bii din Pia\u021ba Iancu de Hunedoara, nr. 1, loc. Hunedoara.<\/p><p>Data \u00eenceperii proiectului este 01.01.2024 \u0219i se va finaliza p\u00e2n\u0103 \u00een data de 30.12.2024.<\/p><p>Pentru mai multe informa\u021bii, v\u0103 rug\u0103m s\u0103 ne contacta\u021bi.<\/p><p>Project manager: Irina H\u0103r\u0103u<\/p><p>Telefon: +4025.420.7022<\/p><p>E-mail: <a href=\"mailto:harau.irina@recomsid.ro\">harau.irina@recomsid.ro<\/a><\/p><p>\u201eCon\u021binutul acestui material nu reprezint\u0103 \u00een mod obligatoriu pozi\u021bia oficial\u0103 a Uniunii Europene sau a Guvernului Rom\u00e2niei.\u201d<\/p><p><strong>\u201ePNRR. Finan\u021bat de Uniunea European\u0103 \u2013 Urm\u0103toareaGenera\u021bieUE\u201d<\/strong><\/p><p>Adresa web program PNRR:\u00a0<a href=\"https:\/\/mfe.gov.ro\/pnrr\/\">https:\/\/mfe.gov.ro\/pnrr\/<\/a><\/p><p>Pagina facebook PNRR:\u00a0<a href=\"https:\/\/www.facebook.com\/PNRROficial\/\">https:\/\/www.facebook.com\/PNRROficial\/<\/a><\/p><\/div>\n\t\t\t\t<\/div>\n\t\t\t\t\t\t\t\t<\/div>\n\t\t\t\t<\/div>\n\t\t\t\t<\/div>\n\t\t\t\t\t<\/div>\n\t\t<\/div>\n\t\t\t\t\t<\/div>\n\t\t<\/section>\n\t\t\t\t<section class=\"elementor-section elementor-top-section elementor-element elementor-element-d5b9b1d elementor-section-boxed elementor-section-height-default elementor-section-height-default\" data-id=\"d5b9b1d\" data-element_type=\"section\">\n\t\t\t\t\t\t<div class=\"elementor-container elementor-column-gap-default\">\n\t\t\t\t\t<div class=\"elementor-column elementor-col-100 elementor-top-column elementor-element elementor-element-eb46be5\" data-id=\"eb46be5\" data-element_type=\"column\">\n\t\t\t<div class=\"elementor-widget-wrap elementor-element-populated\">\n\t\t\t\t\t\t<section class=\"elementor-section elementor-inner-section elementor-element elementor-element-0046d86 elementor-section-boxed elementor-section-height-default elementor-section-height-default\" data-id=\"0046d86\" data-element_type=\"section\">\n\t\t\t\t\t\t<div class=\"elementor-container elementor-column-gap-default\">\n\t\t\t\t\t<div class=\"elementor-column elementor-col-50 elementor-inner-column elementor-element elementor-element-4f1e5b2\" data-id=\"4f1e5b2\" data-element_type=\"column\">\n\t\t\t<div class=\"elementor-widget-wrap\">\n\t\t\t\t\t\t\t<\/div>\n\t\t<\/div>\n\t\t\t\t<div class=\"elementor-column elementor-col-50 elementor-inner-column elementor-element elementor-element-9a66bfa\" data-id=\"9a66bfa\" data-element_type=\"column\">\n\t\t\t<div class=\"elementor-widget-wrap\">\n\t\t\t\t\t\t\t<\/div>\n\t\t<\/div>\n\t\t\t\t\t<\/div>\n\t\t<\/section>\n\t\t\t\t\t<\/div>\n\t\t<\/div>\n\t\t\t\t\t<\/div>\n\t\t<\/section>\n\t\t\t\t<\/div>\n\t\t","protected":false},"excerpt":{"rendered":"<p>Comunicat de pres\u0103 demarare proiect \u201ePNRR:Fonduri pentru Rom\u00e2nia modern\u0103 \u0219i reformat\u0103\u201d Proiect sus\u021binut Planului Na\u021bional de Redresare \u0219i Rezilien\u021b\u0103 \u2013 Pilonul I. Tranzi\u021bia verde \u2013 Componenta C6. Energie, M\u0103sura de investi\u021bii &#8211; Investi\u021bia I.1 \u2013 Noi capacit\u0103\u021bi de produc\u021bie de energie electric\u0103 din surse regenerabile Beneficiar:\u00a0RECOM SID SA, jude\u021bul Hunedoara \u00a0\u201cDEZVOLTAREA CAPACIT\u0102\u021aII DE PRODUC\u021aIE ELECTRIC\u0102 [&hellip;]<\/p>\n","protected":false},"author":1,"featured_media":0,"parent":0,"menu_order":0,"comment_status":"closed","ping_status":"closed","template":"","meta":{"inline_featured_image":false,"footnotes":""},"class_list":["post-4874","page","type-page","status-publish","hentry"],"_links":{"self":[{"href":"https:\/\/recomsid.ro\/recom\/wp-json\/wp\/v2\/pages\/4874","targetHints":{"allow":["GET"]}}],"collection":[{"href":"https:\/\/recomsid.ro\/recom\/wp-json\/wp\/v2\/pages"}],"about":[{"href":"https:\/\/recomsid.ro\/recom\/wp-json\/wp\/v2\/types\/page"}],"author":[{"embeddable":true,"href":"https:\/\/recomsid.ro\/recom\/wp-json\/wp\/v2\/users\/1"}],"replies":[{"embeddable":true,"href":"https:\/\/recomsid.ro\/recom\/wp-json\/wp\/v2\/comments?post=4874"}],"version-history":[{"count":13,"href":"https:\/\/recomsid.ro\/recom\/wp-json\/wp\/v2\/pages\/4874\/revisions"}],"predecessor-version":[{"id":4926,"href":"https:\/\/recomsid.ro\/recom\/wp-json\/wp\/v2\/pages\/4874\/revisions\/4926"}],"wp:attachment":[{"href":"https:\/\/recomsid.ro\/recom\/wp-json\/wp\/v2\/media?parent=4874"}],"curies":[{"name":"wp","href":"https:\/\/api.w.org\/{rel}","templated":true}]}}